{"id":940,"date":"2021-09-11T13:20:10","date_gmt":"2021-09-11T13:20:10","guid":{"rendered":"https:\/\/jongles-tu.ca\/?page_id=940"},"modified":"2021-09-12T14:10:06","modified_gmt":"2021-09-12T14:10:06","slug":"qui-nous-sommes-notre-mission","status":"publish","type":"page","link":"https:\/\/jongles-tu.ca\/?page_id=940","title":{"rendered":"Qui nous sommes, notre mission"},"content":{"rendered":"\t\t<div data-elementor-type=\"wp-page\" data-elementor-id=\"940\" class=\"elementor elementor-940\" data-elementor-settings=\"[]\">\n\t\t\t\t\t\t\t<div class=\"elementor-section-wrap\">\n\t\t\t\t\t\t\t<section class=\"elementor-section elementor-top-section elementor-element elementor-element-b3452d0 elementor-section-boxed elementor-section-height-default elementor-section-height-default\" data-id=\"b3452d0\" data-element_type=\"section\">\n\t\t\t\t\t\t<div class=\"elementor-container elementor-column-gap-default\">\n\t\t\t\t\t<div class=\"elementor-column elementor-col-100 elementor-top-column elementor-element elementor-element-df49b80\" data-id=\"df49b80\" data-element_type=\"column\">\n\t\t\t<div class=\"elementor-widget-wrap elementor-element-populated\">\n\t\t\t\t\t\t\t\t<div class=\"elementor-element elementor-element-d416c7f elementor-widget elementor-widget-heading\" data-id=\"d416c7f\" data-element_type=\"widget\" data-widget_type=\"heading.default\">\n\t\t\t\t<div class=\"elementor-widget-container\">\n\t\t\t<h2 class=\"elementor-heading-title elementor-size-default\">Qui sommes nous ?<\/h2>\t\t<\/div>\n\t\t\t\t<\/div>\n\t\t\t\t<div class=\"elementor-element elementor-element-e3e1224 elementor-widget elementor-widget-text-editor\" data-id=\"e3e1224\" data-element_type=\"widget\" data-widget_type=\"text-editor.default\">\n\t\t\t\t<div class=\"elementor-widget-container\">\n\t\t\t\t\t\t\t<p class=\"p1\">Jongles-tu est un organisme \u00e0 but non-lucratif d\u00e9di\u00e9 \u00e0 la promotion de la jonglerie comme une activit\u00e9 physique accessible, saine et b\u00e9n\u00e9fique. L&rsquo;organisme favorise la pratique et l&rsquo;apprentissage de la jonglerie dans tous les milieux pour ses nombreux bienfaits intrins\u00e8ques. Nous visons \u00e0 r\u00e9aliser des outils didactiques et \u00e0 d\u00e9velopper des concepts et programmes d&rsquo;initiation \u00e0 la jonglerie. Nous voulons cr\u00e9er des \u00e9v\u00e9nements ponctuels et r\u00e9currents dans un esprit \u00e9coresponsable afin de contribuer au d\u00e9veloppement de saines habitudes de vies.<\/p>\t\t\t\t\t\t<\/div>\n\t\t\t\t<\/div>\n\t\t\t\t<div class=\"elementor-element elementor-element-4934b1b elementor-widget elementor-widget-heading\" data-id=\"4934b1b\" data-element_type=\"widget\" data-widget_type=\"heading.default\">\n\t\t\t\t<div class=\"elementor-widget-container\">\n\t\t\t<h2 class=\"elementor-heading-title elementor-size-default\">Nos valeurs<\/h2>\t\t<\/div>\n\t\t\t\t<\/div>\n\t\t\t\t<div class=\"elementor-element elementor-element-a67c5d4 elementor-widget elementor-widget-text-editor\" data-id=\"a67c5d4\" data-element_type=\"widget\" data-widget_type=\"text-editor.default\">\n\t\t\t\t<div class=\"elementor-widget-container\">\n\t\t\t\t\t\t\t<p><b>Partage<\/b><br \/>Nous avons la conviction que le partage fait de nous de meilleures personnes. Nous esp\u00e9rons mettre le meilleur de chacun au service des autres.<br \/><b><br \/>Engagement<\/b><br \/>Un engagement sinc\u00e8re et r\u00e9el fait grandir. On s\u2019engage d\u2019abord par rapport \u00e0 soi puis par rapport \u00e0 autrui. C\u2019est intime et collectif. S\u2019engager est porteur d\u2019espoir. L\u2019engagement permet d\u2019avancer, de se construire et de se conna\u00eetre de mieux en mieux tout en apprenant \u00e0 reconnaitre ses limites. S\u2019engager est une fa\u00e7on de se r\u00e9aliser.<br \/><b><br \/>Pers\u00e9v\u00e9rance<\/b><br \/>Pour atteindre un but, il faut passer par un processus et franchir des \u00e9tapes. Ce processus peut \u00eatre long. Nous croyons que l&rsquo;apprentissage dans le plaisir laisse des traces positives et durables. La pers\u00e9v\u00e9rance est un des ingr\u00e9dients de la r\u00e9ussite.<br \/><b><br \/>Respect<\/b><br \/>Il est pour nous fondamental d\u2019accorder de la consid\u00e9ration, de l\u2019estime et de la valeur \u00e0 tout ce que nous faisons dans le respect de soi et des autres. Le respect engendre la sinc\u00e9rit\u00e9 et l\u2019int\u00e9grit\u00e9.<\/p>\t\t\t\t\t\t<\/div>\n\t\t\t\t<\/div>\n\t\t\t\t\t<\/div>\n\t\t<\/div>\n\t\t\t\t\t\t\t<\/div>\n\t\t<\/section>\n\t\t\t\t\t\t<\/div>\n\t\t\t\t\t<\/div>\n\t\t","protected":false},"excerpt":{"rendered":"<p>Qui sommes nous ? Jongles-tu est un organisme \u00e0 but non-lucratif d\u00e9di\u00e9 \u00e0 la promotion de la jonglerie comme une activit\u00e9 physique accessible, saine et b\u00e9n\u00e9fique. L&rsquo;organisme favorise la pratique et l&rsquo;apprentissage de la jonglerie dans tous les milieux pour ses nombreux bienfaits intrins\u00e8ques. Nous visons \u00e0 r\u00e9aliser des outils didactiques et \u00e0 d\u00e9velopper des [&hellip;]<\/p>\n","protected":false},"author":1,"featured_media":0,"parent":0,"menu_order":0,"comment_status":"closed","ping_status":"closed","template":"","meta":[],"_links":{"self":[{"href":"https:\/\/jongles-tu.ca\/index.php?rest_route=\/wp\/v2\/pages\/940"}],"collection":[{"href":"https:\/\/jongles-tu.ca\/index.php?rest_route=\/wp\/v2\/pages"}],"about":[{"href":"https:\/\/jongles-tu.ca\/index.php?rest_route=\/wp\/v2\/types\/page"}],"author":[{"embeddable":true,"href":"https:\/\/jongles-tu.ca\/index.php?rest_route=\/wp\/v2\/users\/1"}],"replies":[{"embeddable":true,"href":"https:\/\/jongles-tu.ca\/index.php?rest_route=%2Fwp%2Fv2%2Fcomments&post=940"}],"version-history":[{"count":10,"href":"https:\/\/jongles-tu.ca\/index.php?rest_route=\/wp\/v2\/pages\/940\/revisions"}],"predecessor-version":[{"id":960,"href":"https:\/\/jongles-tu.ca\/index.php?rest_route=\/wp\/v2\/pages\/940\/revisions\/960"}],"wp:attachment":[{"href":"https:\/\/jongles-tu.ca\/index.php?rest_route=%2Fwp%2Fv2%2Fmedia&parent=940"}],"curies":[{"name":"wp","href":"https:\/\/api.w.org\/{rel}","templated":true}]}}