{"id":406,"date":"2016-09-27T09:51:22","date_gmt":"2016-09-27T09:51:22","guid":{"rendered":"http:\/\/fitness2.mythemecloud.io\/?page_id=406"},"modified":"2021-09-20T13:55:19","modified_gmt":"2021-09-20T13:55:19","slug":"studio","status":"publish","type":"page","link":"https:\/\/jongles-tu.ca\/?page_id=406","title":{"rendered":"Inscrivez-vous"},"content":{"rendered":"\t\t<div data-elementor-type=\"wp-page\" data-elementor-id=\"406\" class=\"elementor elementor-406\" data-elementor-settings=\"[]\">\n\t\t\t\t\t\t\t<div class=\"elementor-section-wrap\">\n\t\t\t\t\t\t\t<section class=\"elementor-section elementor-top-section elementor-element elementor-element-qod0lr5 elementor-section-boxed elementor-section-height-default elementor-section-height-default\" data-id=\"qod0lr5\" data-element_type=\"section\">\n\t\t\t\t\t\t<div class=\"elementor-container elementor-column-gap-default\">\n\t\t\t\t\t<div class=\"elementor-column elementor-col-100 elementor-top-column elementor-element elementor-element-077q1uq\" data-id=\"077q1uq\" data-element_type=\"column\">\n\t\t\t<div class=\"elementor-widget-wrap elementor-element-populated\">\n\t\t\t\t\t\t\t\t<div class=\"elementor-element elementor-element-ua4lgrm elementor-widget elementor-widget-heading\" data-id=\"ua4lgrm\" data-element_type=\"widget\" data-widget_type=\"heading.default\">\n\t\t\t\t<div class=\"elementor-widget-container\">\n\t\t\t<h2 class=\"elementor-heading-title elementor-size-default\">Inscrivez-vous<\/h2>\t\t<\/div>\n\t\t\t\t<\/div>\n\t\t\t\t<div class=\"elementor-element elementor-element-jigf8lk elementor-widget-divider--view-line elementor-widget elementor-widget-divider\" data-id=\"jigf8lk\" data-element_type=\"widget\" data-widget_type=\"divider.default\">\n\t\t\t\t<div class=\"elementor-widget-container\">\n\t\t\t\t\t<div class=\"elementor-divider\">\n\t\t\t<span class=\"elementor-divider-separator\">\n\t\t\t\t\t\t<\/span>\n\t\t<\/div>\n\t\t\t\t<\/div>\n\t\t\t\t<\/div>\n\t\t\t\t<div class=\"elementor-element elementor-element-3824517 elementor-widget elementor-widget-image\" data-id=\"3824517\" data-element_type=\"widget\" data-widget_type=\"image.default\">\n\t\t\t\t<div class=\"elementor-widget-container\">\n\t\t\t\t\t\t\t\t\t\t\t\t\t\t\t<img width=\"800\" height=\"533\" src=\"https:\/\/jongles-tu.ca\/wp-content\/uploads\/2021\/09\/A\u0300-venir-biento\u0302t.png\" class=\"attachment-large size-large\" alt=\"A\u0300 venir biento\u0302t\" loading=\"lazy\" srcset=\"https:\/\/jongles-tu.ca\/wp-content\/uploads\/2021\/09\/A\u0300-venir-biento\u0302t.png 800w, https:\/\/jongles-tu.ca\/wp-content\/uploads\/2021\/09\/A\u0300-venir-biento\u0302t-600x400.png 600w, https:\/\/jongles-tu.ca\/wp-content\/uploads\/2021\/09\/A\u0300-venir-biento\u0302t-300x200.png 300w, https:\/\/jongles-tu.ca\/wp-content\/uploads\/2021\/09\/A\u0300-venir-biento\u0302t-768x512.png 768w\" sizes=\"(max-width: 800px) 100vw, 800px\" \/>\t\t\t\t\t\t\t\t\t\t\t\t\t\t\t<\/div>\n\t\t\t\t<\/div>\n\t\t\t\t<div class=\"elementor-element elementor-element-5mtb8ja elementor-arrows-position-inside elementor-widget elementor-widget-image-carousel\" data-id=\"5mtb8ja\" data-element_type=\"widget\" data-settings=\"{&quot;slides_to_show&quot;:&quot;1&quot;,&quot;navigation&quot;:&quot;arrows&quot;,&quot;autoplay&quot;:&quot;yes&quot;,&quot;pause_on_hover&quot;:&quot;yes&quot;,&quot;pause_on_interaction&quot;:&quot;yes&quot;,&quot;autoplay_speed&quot;:5000,&quot;infinite&quot;:&quot;yes&quot;,&quot;effect&quot;:&quot;slide&quot;,&quot;speed&quot;:500}\" data-widget_type=\"image-carousel.default\">\n\t\t\t\t<div class=\"elementor-widget-container\">\n\t\t\t\t\t<div class=\"elementor-image-carousel-wrapper swiper-container\" dir=\"ltr\">\n\t\t\t<div class=\"elementor-image-carousel swiper-wrapper\">\n\t\t\t\t\t\t\t\t<div class=\"swiper-slide\"><figure class=\"swiper-slide-inner\"><img class=\"swiper-slide-image\" src=\"https:\/\/jongles-tu.ca\/wp-content\/uploads\/2021\/09\/FB_Banner_1200x375.jpg\" alt=\"Record du monde\" \/><\/figure><\/div>\t\t\t<\/div>\n\t\t\t\t\t<\/div>\n\t\t\t\t<\/div>\n\t\t\t\t<\/div>\n\t\t\t\t<div class=\"elementor-element elementor-element-r8gfymh elementor-widget elementor-widget-spacer\" data-id=\"r8gfymh\" data-element_type=\"widget\" data-widget_type=\"spacer.default\">\n\t\t\t\t<div class=\"elementor-widget-container\">\n\t\t\t\t\t<div class=\"elementor-spacer\">\n\t\t\t<div class=\"elementor-spacer-inner\"><\/div>\n\t\t<\/div>\n\t\t\t\t<\/div>\n\t\t\t\t<\/div>\n\t\t\t\t<div class=\"elementor-element elementor-element-x4fpxui elementor-widget elementor-widget-text-editor\" data-id=\"x4fpxui\" data-element_type=\"widget\" data-widget_type=\"text-editor.default\">\n\t\t\t\t<div class=\"elementor-widget-container\">\n\t\t\t\t\t\t\t<p><strong>L&rsquo;horaire de la journ\u00e9e<\/strong><\/p><p>10h00 \u00e0 17h00\u00a0 Divers ateliers de jonglerie, pr\u00e9sentation de vid\u00e9os, kiosques \u00e9coles cirque, etc.\u00a0<br \/>10h00 \u00e0 13h00\u00a0 Arriv\u00e9e des participants et contr\u00f4le des inscriptions\u00a0<br \/>13h00 \u00e0 13h30\u00a0 Mot de bienvenue et explications officielles.\u202f\u00a0<br \/>13h30 \u00e0 14h30\u00a0 Installations des participants et des juges.\u00a0<br \/>14h30 \u00e0 14h45\u00a0 Ex\u00e9cution du record\u00a0<br \/>14h45 \u00e0 15h30\u00a0 Partie protocolaire. Remerciements, mot des dignitaires, photos, etc.\u00a0<br \/>15h30 \u00e0 17h00\u00a0 Party, spectacle impromptu, sc\u00e8ne ouverte, conf\u00e9rence jongleur c\u00e9l\u00e8bre\u00a0<\/p>\t\t\t\t\t\t<\/div>\n\t\t\t\t<\/div>\n\t\t\t\t<div class=\"elementor-element elementor-element-17o73hd elementor-widget elementor-widget-spacer\" data-id=\"17o73hd\" data-element_type=\"widget\" data-widget_type=\"spacer.default\">\n\t\t\t\t<div class=\"elementor-widget-container\">\n\t\t\t\t\t<div class=\"elementor-spacer\">\n\t\t\t<div class=\"elementor-spacer-inner\"><\/div>\n\t\t<\/div>\n\t\t\t\t<\/div>\n\t\t\t\t<\/div>\n\t\t\t\t<div class=\"elementor-element elementor-element-vetwmfd elementor-align-center elementor-widget elementor-widget-button\" data-id=\"vetwmfd\" data-element_type=\"widget\" data-widget_type=\"button.default\">\n\t\t\t\t<div class=\"elementor-widget-container\">\n\t\t\t\t\t<div class=\"elementor-button-wrapper\">\n\t\t\t<a href=\"https:\/\/jongles-tu.ca\/?page_id=501\" class=\"elementor-button-link elementor-button elementor-size-sm\" role=\"button\">\n\t\t\t\t\t\t<span class=\"elementor-button-content-wrapper\">\n\t\t\t\t\t\t<span class=\"elementor-button-text\">Programme<\/span>\n\t\t<\/span>\n\t\t\t\t\t<\/a>\n\t\t<\/div>\n\t\t\t\t<\/div>\n\t\t\t\t<\/div>\n\t\t\t\t\t<\/div>\n\t\t<\/div>\n\t\t\t\t\t\t\t<\/div>\n\t\t<\/section>\n\t\t\t\t\t\t<\/div>\n\t\t\t\t\t<\/div>\n\t\t","protected":false},"excerpt":{"rendered":"<p>Inscrivez-vous L&rsquo;horaire de la journ\u00e9e 10h00 \u00e0 17h00\u00a0 Divers ateliers de jonglerie, pr\u00e9sentation de vid\u00e9os, kiosques \u00e9coles cirque, etc.\u00a010h00 \u00e0 13h00\u00a0 Arriv\u00e9e des participants et contr\u00f4le des inscriptions\u00a013h00 \u00e0 13h30\u00a0 Mot de bienvenue et explications officielles.\u202f\u00a013h30 \u00e0 14h30\u00a0 Installations des participants et des juges.\u00a014h30 \u00e0 14h45\u00a0 Ex\u00e9cution du record\u00a014h45 \u00e0 15h30\u00a0 Partie protocolaire. Remerciements, mot [&hellip;]<\/p>\n","protected":false},"author":1,"featured_media":0,"parent":0,"menu_order":0,"comment_status":"closed","ping_status":"closed","template":"","meta":[],"_links":{"self":[{"href":"https:\/\/jongles-tu.ca\/index.php?rest_route=\/wp\/v2\/pages\/406"}],"collection":[{"href":"https:\/\/jongles-tu.ca\/index.php?rest_route=\/wp\/v2\/pages"}],"about":[{"href":"https:\/\/jongles-tu.ca\/index.php?rest_route=\/wp\/v2\/types\/page"}],"author":[{"embeddable":true,"href":"https:\/\/jongles-tu.ca\/index.php?rest_route=\/wp\/v2\/users\/1"}],"replies":[{"embeddable":true,"href":"https:\/\/jongles-tu.ca\/index.php?rest_route=%2Fwp%2Fv2%2Fcomments&post=406"}],"version-history":[{"count":15,"href":"https:\/\/jongles-tu.ca\/index.php?rest_route=\/wp\/v2\/pages\/406\/revisions"}],"predecessor-version":[{"id":1209,"href":"https:\/\/jongles-tu.ca\/index.php?rest_route=\/wp\/v2\/pages\/406\/revisions\/1209"}],"wp:attachment":[{"href":"https:\/\/jongles-tu.ca\/index.php?rest_route=%2Fwp%2Fv2%2Fmedia&parent=406"}],"curies":[{"name":"wp","href":"https:\/\/api.w.org\/{rel}","templated":true}]}}