{"id":1113,"date":"2021-09-12T17:13:54","date_gmt":"2021-09-12T17:13:54","guid":{"rendered":"https:\/\/jongles-tu.ca\/?page_id=1113"},"modified":"2021-09-12T17:14:41","modified_gmt":"2021-09-12T17:14:41","slug":"pourquoi-jongler","status":"publish","type":"page","link":"https:\/\/jongles-tu.ca\/?page_id=1113","title":{"rendered":"Pourquoi jongler !"},"content":{"rendered":"\t\t<div data-elementor-type=\"wp-page\" data-elementor-id=\"1113\" class=\"elementor elementor-1113\" data-elementor-settings=\"[]\">\n\t\t\t\t\t\t\t<div class=\"elementor-section-wrap\">\n\t\t\t\t\t\t\t<section class=\"elementor-section elementor-top-section elementor-element elementor-element-974a116 elementor-section-boxed elementor-section-height-default elementor-section-height-default\" data-id=\"974a116\" data-element_type=\"section\">\n\t\t\t\t\t\t<div class=\"elementor-container elementor-column-gap-default\">\n\t\t\t\t\t<div class=\"elementor-column elementor-col-100 elementor-top-column elementor-element elementor-element-634d0d2\" data-id=\"634d0d2\" data-element_type=\"column\">\n\t\t\t<div class=\"elementor-widget-wrap elementor-element-populated\">\n\t\t\t\t\t\t\t\t<section class=\"elementor-section elementor-inner-section elementor-element elementor-element-9d2ec61 elementor-section-boxed elementor-section-height-default elementor-section-height-default\" data-id=\"9d2ec61\" data-element_type=\"section\">\n\t\t\t\t\t\t<div class=\"elementor-container elementor-column-gap-default\">\n\t\t\t\t\t<div class=\"elementor-column elementor-col-100 elementor-inner-column elementor-element elementor-element-859e0dd\" data-id=\"859e0dd\" data-element_type=\"column\">\n\t\t\t<div class=\"elementor-widget-wrap elementor-element-populated\">\n\t\t\t\t\t\t\t\t<div class=\"elementor-element elementor-element-65e394f elementor-widget elementor-widget-image\" data-id=\"65e394f\" data-element_type=\"widget\" data-widget_type=\"image.default\">\n\t\t\t\t<div class=\"elementor-widget-container\">\n\t\t\t\t\t\t\t\t\t\t\t\t\t\t\t<img width=\"336\" height=\"180\" src=\"https:\/\/jongles-tu.ca\/wp-content\/uploads\/2021\/09\/OIP-1.jpg\" class=\"attachment-full size-full\" alt=\"\" loading=\"lazy\" srcset=\"https:\/\/jongles-tu.ca\/wp-content\/uploads\/2021\/09\/OIP-1.jpg 336w, https:\/\/jongles-tu.ca\/wp-content\/uploads\/2021\/09\/OIP-1-300x161.jpg 300w\" sizes=\"(max-width: 336px) 100vw, 336px\" \/>\t\t\t\t\t\t\t\t\t\t\t\t\t\t\t<\/div>\n\t\t\t\t<\/div>\n\t\t\t\t<div class=\"elementor-element elementor-element-bd5a02b elementor-widget elementor-widget-heading\" data-id=\"bd5a02b\" data-element_type=\"widget\" data-widget_type=\"heading.default\">\n\t\t\t\t<div class=\"elementor-widget-container\">\n\t\t\t<h2 class=\"elementor-heading-title elementor-size-default\">Pourquoi jongler ?<\/h2>\t\t<\/div>\n\t\t\t\t<\/div>\n\t\t\t\t<div class=\"elementor-element elementor-element-fe028e4 elementor-widget elementor-widget-text-editor\" data-id=\"fe028e4\" data-element_type=\"widget\" data-widget_type=\"text-editor.default\">\n\t\t\t\t<div class=\"elementor-widget-container\">\n\t\t\t\t\t\t\t<p>La jonglerie est un exercice b\u00e9n\u00e9fique pour la sant\u00e9. Sa pratique poss\u00e8de le m\u00eame cot\u00e9 attractif que le sport dans une perspective de d\u00e9passement de soi. La jonglerie peut nous aider \u00e0 d\u00e9velopper diff\u00e9rentes habilet\u00e9s en respectant le rythme de chacun.<\/p><ul><li><b>Habilet\u00e9s personnelles : <\/b>D\u00e9veloppement, am\u00e9lioration de la cr\u00e9ativit\u00e9, la concentration, la pers\u00e9v\u00e9rance, la patience, Renforcement de l\u2019estime et de la confiance de soi.<\/li><li><b>Habilet\u00e9s motrices : <\/b>D\u00e9veloppement de la coordination visuelle, motrice, de l\u2019\u00e9quilibre, de l\u2019orientation spatiale, am\u00e9lioration de la posture et du tonus musculaire.<\/li><li><b>Habilet\u00e9s sociales : <\/b>D\u00e9veloppe le travail d\u2019\u00e9quipe, la coop\u00e9ration, l\u2019\u00e9coute, le respect de l\u2019autre lorsque pratiqu\u00e9 en groupe.<br \/><br \/><p>La jonglerie est une m\u00e9ditation active qui nous apprend \u00e0 se concentrer sur le pr\u00e9sent et qui nous aide \u00e0 prendre conscience de notre environnement.<br \/>La jonglerie est une activit\u00e9 de choix facile et amusante \u00e0 pratiquer qui ne peut qu\u2019\u00eatre b\u00e9n\u00e9fique dans notre vie de tous les jours.<\/p><\/li><\/ul>\t\t\t\t\t\t<\/div>\n\t\t\t\t<\/div>\n\t\t\t\t<div class=\"elementor-element elementor-element-6ce67a5 elementor-align-center elementor-widget elementor-widget-button\" data-id=\"6ce67a5\" data-element_type=\"widget\" data-widget_type=\"button.default\">\n\t\t\t\t<div class=\"elementor-widget-container\">\n\t\t\t\t\t<div class=\"elementor-button-wrapper\">\n\t\t\t<a href=\"https:\/\/jonglerie.ca\/\" target=\"_blank\" class=\"elementor-button-link elementor-button elementor-size-sm\" role=\"button\">\n\t\t\t\t\t\t<span class=\"elementor-button-content-wrapper\">\n\t\t\t\t\t\t<span class=\"elementor-button-text\">En savoir plus ...<\/span>\n\t\t<\/span>\n\t\t\t\t\t<\/a>\n\t\t<\/div>\n\t\t\t\t<\/div>\n\t\t\t\t<\/div>\n\t\t\t\t\t<\/div>\n\t\t<\/div>\n\t\t\t\t\t\t\t<\/div>\n\t\t<\/section>\n\t\t\t\t\t<\/div>\n\t\t<\/div>\n\t\t\t\t\t\t\t<\/div>\n\t\t<\/section>\n\t\t\t\t\t\t<\/div>\n\t\t\t\t\t<\/div>\n\t\t","protected":false},"excerpt":{"rendered":"<p>Pourquoi jongler ? La jonglerie est un exercice b\u00e9n\u00e9fique pour la sant\u00e9. Sa pratique poss\u00e8de le m\u00eame cot\u00e9 attractif que le sport dans une perspective de d\u00e9passement de soi. La jonglerie peut nous aider \u00e0 d\u00e9velopper diff\u00e9rentes habilet\u00e9s en respectant le rythme de chacun. Habilet\u00e9s personnelles : D\u00e9veloppement, am\u00e9lioration de la cr\u00e9ativit\u00e9, la concentration, la [&hellip;]<\/p>\n","protected":false},"author":1,"featured_media":0,"parent":0,"menu_order":0,"comment_status":"closed","ping_status":"closed","template":"","meta":[],"_links":{"self":[{"href":"https:\/\/jongles-tu.ca\/index.php?rest_route=\/wp\/v2\/pages\/1113"}],"collection":[{"href":"https:\/\/jongles-tu.ca\/index.php?rest_route=\/wp\/v2\/pages"}],"about":[{"href":"https:\/\/jongles-tu.ca\/index.php?rest_route=\/wp\/v2\/types\/page"}],"author":[{"embeddable":true,"href":"https:\/\/jongles-tu.ca\/index.php?rest_route=\/wp\/v2\/users\/1"}],"replies":[{"embeddable":true,"href":"https:\/\/jongles-tu.ca\/index.php?rest_route=%2Fwp%2Fv2%2Fcomments&post=1113"}],"version-history":[{"count":5,"href":"https:\/\/jongles-tu.ca\/index.php?rest_route=\/wp\/v2\/pages\/1113\/revisions"}],"predecessor-version":[{"id":1118,"href":"https:\/\/jongles-tu.ca\/index.php?rest_route=\/wp\/v2\/pages\/1113\/revisions\/1118"}],"wp:attachment":[{"href":"https:\/\/jongles-tu.ca\/index.php?rest_route=%2Fwp%2Fv2%2Fmedia&parent=1113"}],"curies":[{"name":"wp","href":"https:\/\/api.w.org\/{rel}","templated":true}]}}